{"id":7130,"date":"2025-01-16T02:25:41","date_gmt":"2025-01-16T02:25:41","guid":{"rendered":"https:\/\/acacia.gsatek.tech\/?page_id=7130"},"modified":"2026-01-09T13:24:03","modified_gmt":"2026-01-09T13:24:03","slug":"venta-2","status":"publish","type":"page","link":"https:\/\/inmobiliariaenfuenlabrada.com\/en\/venta-2\/","title":{"rendered":"Sale"},"content":{"rendered":"<div data-elementor-type=\"wp-page\" data-elementor-id=\"7130\" class=\"elementor elementor-7130\" data-elementor-post-type=\"page\">\n\t\t\t\t<div class=\"elementor-element elementor-element-79640b2 e-con-full e-flex e-con e-parent\" data-id=\"79640b2\" data-element_type=\"container\" data-e-type=\"container\" data-settings=\"{&quot;background_background&quot;:&quot;classic&quot;}\">\n\t\t<div class=\"elementor-element elementor-element-f1ac6e5 e-flex e-con-boxed e-con e-child\" data-id=\"f1ac6e5\" data-element_type=\"container\" data-e-type=\"container\">\n\t\t\t\t\t<div class=\"e-con-inner\">\n\t\t\t\t<div class=\"elementor-element elementor-element-867d781 elementor-widget elementor-widget-heading\" data-id=\"867d781\" data-element_type=\"widget\" data-e-type=\"widget\" data-widget_type=\"heading.default\">\n\t\t\t\t<div class=\"elementor-widget-container\">\n\t\t\t\t\t<h2 class=\"elementor-heading-title elementor-size-default\">Sale<\/h2>\t\t\t\t<\/div>\n\t\t\t\t<\/div>\n\t\t<div class=\"elementor-element elementor-element-7d3db21 e-con-full e-flex e-con e-child\" data-id=\"7d3db21\" data-element_type=\"container\" data-e-type=\"container\">\n\t\t\t\t<div class=\"elementor-element elementor-element-a78eaab elementor-widget elementor-widget-heading\" data-id=\"a78eaab\" data-element_type=\"widget\" data-e-type=\"widget\" data-widget_type=\"heading.default\">\n\t\t\t\t<div class=\"elementor-widget-container\">\n\t\t\t\t\t<h2 class=\"elementor-heading-title elementor-size-default\"><a href=\"https:\/\/inmobiliariaenfuenlabrada.com\/en\/\">Home<\/a><\/h2>\t\t\t\t<\/div>\n\t\t\t\t<\/div>\n\t\t\t\t<div class=\"elementor-element elementor-element-5691151 elementor-widget elementor-widget-heading\" data-id=\"5691151\" data-element_type=\"widget\" data-e-type=\"widget\" data-widget_type=\"heading.default\">\n\t\t\t\t<div class=\"elementor-widget-container\">\n\t\t\t\t\t<h2 class=\"elementor-heading-title elementor-size-default\">&gt;<\/h2>\t\t\t\t<\/div>\n\t\t\t\t<\/div>\n\t\t\t\t<div class=\"elementor-element elementor-element-ab8196b elementor-widget elementor-widget-heading\" data-id=\"ab8196b\" data-element_type=\"widget\" data-e-type=\"widget\" data-widget_type=\"heading.default\">\n\t\t\t\t<div class=\"elementor-widget-container\">\n\t\t\t\t\t<h2 class=\"elementor-heading-title elementor-size-default\"><a href=\"https:\/\/inmobiliariaenfuenlabrada.com\/en\/venta-2\/\">Sale<\/a><\/h2>\t\t\t\t<\/div>\n\t\t\t\t<\/div>\n\t\t\t\t<\/div>\n\t\t\t\t\t<\/div>\n\t\t\t\t<\/div>\n\t\t\t\t<\/div>\n\t\t<div class=\"elementor-element elementor-element-dbe00ab e-flex e-con-boxed e-con e-parent\" data-id=\"dbe00ab\" data-element_type=\"container\" data-e-type=\"container\">\n\t\t\t\t\t<div class=\"e-con-inner\">\n\t\t\t\t<div class=\"elementor-element elementor-element-4afc3be elementor-widget elementor-widget-es-listings-widget\" data-id=\"4afc3be\" data-element_type=\"widget\" data-e-type=\"widget\" data-widget_type=\"es-listings-widget.default\">\n\t\t\t\t<div class=\"elementor-widget-container\">\n\t\t\t\t\t    <div data-search-form-selector='.js-es-search:not(.es-search--ignore-ajax)'>\n\n<div class=\"es-properties js-es-properties js-es-entities-wrap es-properties--hfm--full-width\">\n    \n    <div class=\"es-properties__list\">\n\t    \n<div class=\"es-listings__wrap-inner js-es-listings__wrap-inner js-es-entities__wrap_inner et_smooth_scroll_disabled\">\n    <div class=\"es-listings-filter js-es-listings-filter\">\n    \n    \n                                    <div class=\"es-form\">\n                \n                               <div class='js-es-field es-field es-field__sort es-field--select'>\n                                   <label for='es-field-sort'><span class='es-field__label'>Sort by<\/span>\n\t\t\t<select id=\"es-field-sort\" name=\"sort\" class=\"js-es-sort es-field__input\" ><option value=\"newest\"  selected='selected'>Newest<\/option><option value=\"lowest_price\" >Lowest price<\/option><option value=\"highest_price\" >Highest price<\/option><option value=\"largest_sq_ft\" >Largest sq ft<\/option><option value=\"lowest_sq_ft\" >Lowest sq ft<\/option><option value=\"bedrooms\" >Bedrooms<\/option><option value=\"bathrooms\" >Bathrooms<\/option><\/select>\n\t\t<\/label>\n                               <\/div>\n                                       <\/div>\n                                    <ul class=\"js-es-control--layouts es-control es-control--layouts\">\n    <li class=\"es-control__grid\">\n        <a href=\"\/en\/wp-json\/wp\/v2\/pages\/7130?layout=grid-3\" data-layout=\"grid-3\" class=\"js-es-change-layout es-btn es-btn--icon es-btn--gray es-btn--big es-btn--active\">\n            <span class=\"es-icon es-icon_grid\"><\/span>Grid<\/a>\n    <\/li>\n    <li class=\"es-control__list\">\n        <a href=\"\/en\/wp-json\/wp\/v2\/pages\/7130?layout=list\" data-layout=\"list\" class=\"js-es-change-layout es-btn es-btn--icon es-btn--gray es-btn--big\">\n            <span class=\"es-icon es-icon_grid-row\"><\/span>List<\/a>\n    <\/li>\n    <li class=\"es-control__hfm\">\n        <a href=\"\/en\/wp-json\/wp\/v2\/pages\/7130?layout=half_map\" data-layout=\"half_map\" class=\"js-es-change-layout es-btn es-btn--icon es-btn--gray es-btn--big\">\n            <span class=\"es-icon es-icon_marker\"><\/span>Half Map<\/a>\n    <\/li>\n<\/ul>\n            <\/div>\n\n\n    <div itemscope itemtype=\"https:\/\/schema.org\/ItemList\" data-entity=\"listings\" class=\"js-es-listings js-es-entities es-listings es-listings--grid-3\" data-layout=\"es-listings--grid-3\" data-hash=\"bGF5b3V0PTNfY29sJnBvc3RzX3Blcl9wYWdlPTQwJmRpc2FibGVfbmF2YmFyPTAmc2hvd19zb3J0PTEmc2hvd190b3RhbD0mc2hvd19wYWdlX3RpdGxlPSZzaG93X2xheW91dHM9MSZzb3J0PW5ld2VzdCZsaW1pdD0wJmxvb3BfdWlkPTEmcGFnZV90aXRsZT1WZW50YSZpZ25vcmVfc2VhcmNoPTAmc2VhcmNoX2Zvcm1fc2VsZWN0b3I9LmpzLWVzLXNlYXJjaDpub3QoLmVzLXNlYXJjaC0taWdub3JlLWFqYXgpJmVuYWJsZV9zZWFyY2g9MCZzZWFyY2hfdHlwZT1zaW1wbGUmZW5hYmxlX2FqYXg9MSZ2aWV3X2FsbF9saW5rX25hbWU9VmVyIHRvZG8mdmlld19hbGxfcGFnZV9pZD0mZGlzYWJsZV9wYWdpbmF0aW9uPTAmd2lzaGxpc3RfY29uZmlybT0wJmhmbV9mdWxsX3dpZHRoPTEmX2lnbm9yZV9jb29yZGluYXRlcz0wJmZpZWxkc19kZWxpbWl0ZXI9LCZzdHJpY3RfYWRkcmVzcz0wJm1hcF9zaG93PTAmYXV0aG9ycz0wJm1haW5fZmllbGRzJTVCMCU1RD1wcmljZSZtYWluX2ZpZWxkcyU1QjElNUQ9ZXNfdHlwZSZtYWluX2ZpZWxkcyU1QjIlNUQ9YmVkcm9vbXMmbWFpbl9maWVsZHMlNUIzJTVEPWJhdGhyb29tcyZjb2xsYXBzZWRfZmllbGRzJTVCMCU1RD1oYWxmX2JhdGhzJmNvbGxhcHNlZF9maWVsZHMlNUIxJTVEPWVzX2FtZW5pdHkmY29sbGFwc2VkX2ZpZWxkcyU1QjIlNUQ9ZXNfZmVhdHVyZSZjb2xsYXBzZWRfZmllbGRzJTVCMyU1RD1hcmVhJmNvbGxhcHNlZF9maWVsZHMlNUI0JTVEPWxvdF9zaXplJmNvbGxhcHNlZF9maWVsZHMlNUI1JTVEPWZsb29ycyZwcm9wX2lkPSZlc19jYXRlZ29yeT0yMTUmZXNfdHlwZT0yMTAmZXNfc3RhdHVzPSZlc19sYWJlbD0=\">\n                                        <div id=\"post-14306\" class=\"post-14306 properties type-properties status-publish has-post-thumbnail hentry es_category-venta es_type-local es_feature-1-planta es_feature-certificado-energetico-en-tramite es_feature-distribucion-4-estancias es_feature-segunda-mano-buen-estado es_feature-situado-a-pie-de-calle es_feature-ultima-actividad-gimnasio es_neighborhood-centro-fuenlabrada es-post-entity\" itemprop=\"itemListElement\" itemscope itemtype=\"https:\/\/schema.org\/ListItem\">\n    <div class=\"js-es-listing es-listing es-listing--14306\" data-post-id=\"14306\" itemprop=\"item\" itemscope itemtype=\"https:\/\/schema.org\/House\">\n        \n<div class=\"es-listing__image\">\n        <div class=\"es-property__control es-listing--hide-on-list\">\n        \n<ul class=\"js-es-control es-control es-control--property-image\">\n            <li class=\"es-control__item es-control__item--wishlist\">\n                            <a href=\"#\" data-popup-id=\"#es-authentication-popup\" class=\"es-btn__wishlist es-btn es-btn--default es-btn--small es-btn--icon js-es-popup-link\">\n                            <span class=\"es-icon es-icon_heart\"><\/span>\n                <span class=\"es-btn__label\">Save<\/span>\n            <\/a>\n        <\/li>\n            <\/ul>\n    <\/div>\n            <div class=\"es-listing__image__slider js-es-slick\" data-slick=\"{&quot;slidesToShow&quot;:1,&quot;dots&quot;:true,&quot;infinite&quot;:true,&quot;arrows&quot;:true,&quot;prevArrow&quot;:&quot;&lt;button class=&#039;slick-prev&#039; aria-label=&#039;Prev&#039;&gt;&lt;span class=&#039;es-icon es-icon_chevron-left slick-prev&#039;&gt;&lt;\\\/span&gt;&lt;\\\/button&gt;&quot;,&quot;nextArrow&quot;:&quot;&lt;button class=&#039;slick-next&#039; aria-label=&#039;Next&#039;&gt;&lt;span class=&#039;es-icon es-icon_chevron-right slick-next&#039;&gt;&lt;\\\/span&gt;&lt;\\\/button&gt;&quot;,&quot;slide&quot;:&quot;div&quot;,&quot;rows&quot;:0,&quot;adaptiveHeight&quot;:true,&quot;dotsClass&quot;:&quot;es-slick-dots&quot;,&quot;lazyLoad&quot;:&quot;ondemand&quot;}\">\n                            <div>\n                                            <a class=\"es-listings__image__link\"  href=\"https:\/\/inmobiliariaenfuenlabrada.com\/en\/property\/local-en-venta-en-calle-san-joaquin\/\">\n                                        <img alt=\"Local en venta en calle San Joaqu\u00edn image 1\" data-lazy=\"https:\/\/inmobiliariaenfuenlabrada.com\/wp-content\/uploads\/2025\/01\/1124244163-1024x587.webp\"\/>\n                                            <\/a>\n                                    <\/div>\n                            <div>\n                                            <a class=\"es-listings__image__link\"  href=\"https:\/\/inmobiliariaenfuenlabrada.com\/en\/property\/local-en-venta-en-calle-san-joaquin\/\">\n                                        <img alt=\"Local en venta en calle San Joaqu\u00edn image 2\" data-lazy=\"https:\/\/inmobiliariaenfuenlabrada.com\/wp-content\/uploads\/2025\/01\/1124244164-1024x574.webp\"\/>\n                                            <\/a>\n                                    <\/div>\n                            <div>\n                                            <a class=\"es-listings__image__link\"  href=\"https:\/\/inmobiliariaenfuenlabrada.com\/en\/property\/local-en-venta-en-calle-san-joaquin\/\">\n                                        <img alt=\"Local en venta en calle San Joaqu\u00edn image 3\" data-lazy=\"https:\/\/inmobiliariaenfuenlabrada.com\/wp-content\/uploads\/2025\/01\/1124244026-1024x601.webp\"\/>\n                                            <\/a>\n                                    <\/div>\n                            <div>\n                                            <a class=\"es-listings__image__link\"  href=\"https:\/\/inmobiliariaenfuenlabrada.com\/en\/property\/local-en-venta-en-calle-san-joaquin\/\">\n                                        <img alt=\"Local en venta en calle San Joaqu\u00edn image 4\" data-lazy=\"https:\/\/inmobiliariaenfuenlabrada.com\/wp-content\/uploads\/2025\/01\/1124244154-1024x585.webp\"\/>\n                                            <\/a>\n                                    <\/div>\n                            <div>\n                                            <a class=\"es-listings__image__link\"  href=\"https:\/\/inmobiliariaenfuenlabrada.com\/en\/property\/local-en-venta-en-calle-san-joaquin\/\">\n                                        <img alt=\"Local en venta en calle San Joaqu\u00edn image 5\" data-lazy=\"https:\/\/inmobiliariaenfuenlabrada.com\/wp-content\/uploads\/2025\/01\/1124244158-1024x589.webp\"\/>\n                                            <\/a>\n                                    <\/div>\n                    <\/div>\n    <\/div>\n        <div class=\"es-listing__content\">\n            <div class=\"es-listing__content__inner\">\n                <div class=\"es-listing__content__left\">\n                    <meta itemprop=\"name\" content=\"Centro, Fuenlabrada\" \/>\n                    <meta itemprop=\"image\" content=\"https:\/\/inmobiliariaenfuenlabrada.com\/wp-content\/uploads\/2025\/01\/1124244163-150x150.webp\" \/>\n                    <h3 class=\"es-listing__title\">\n                        <a href=\"https:\/\/inmobiliariaenfuenlabrada.com\/en\/property\/local-en-venta-en-calle-san-joaquin\/\">Centro, Fuenlabrada<\/a><\/h3>                    <div class='es-badges es-listing--hide-on-list'>\n                        <span class=\"es-price\">\u20ac425<\/span><\/div>\n                    <div class=\"es-address es-listing--hide-on-grid\">Centro, Fuenlabrada<\/div>                        <p class=\"es-excerpt es-listing--hide-on-grid\" itemprop=\"description\">Acacia Wellness ofrece en VENTA: Local a pie de calle...<\/p>\n                    <div class=\"es-listing__meta\">            <div class=\"es-listing__meta-bathrooms\">\n\t\t\t\t\t\t\t\t\t\t\t\t\t\t\t<svg width=\"16\" height=\"16\" viewbox=\"0 0 16 16\" fill=\"none\" xmlns=\"http:\/\/www.w3.org\/2000\/svg\">\n                                <g clip-path=\"url(#clip0)\">\n                                <path d=\"M15.3333 6.66667H14V2.33333C14 1.71449 13.7542 1.121 13.3166 0.683417C12.879 0.245833 12.2855 0 11.6667 0C11.0478 0 10.4543 0.245833 10.0168 0.683417C9.57917 1.121 9.33333 1.71449 9.33333 2.33333V2.66667H8.66667V4H11.3333V2.66667H10.6667V2.33333C10.6667 2.06812 10.772 1.81376 10.9596 1.62623C11.1471 1.43869 11.4015 1.33333 11.6667 1.33333C11.9319 1.33333 12.1862 1.43869 12.3738 1.62623C12.5613 1.81376 12.6667 2.06812 12.6667 2.33333V6.66667H3.33333V6H4V4.66667H2.66667C2.48986 4.66667 2.32029 4.7369 2.19526 4.86193C2.07024 4.98695 2 5.15652 2 5.33333V6.66667H0.666667C0.489856 6.66667 0.320286 6.7369 0.195262 6.86193C0.0702379 6.98695 0 7.15652 0 7.33333L0 10.6667C0.000712054 11.315 0.19023 11.9491 0.545401 12.4914C0.900573 13.0338 1.40602 13.461 2 13.7208V15.3333H3.33333V14H12.6667V15.3333H14V13.7208C14.594 13.461 15.0994 13.0338 15.4546 12.4914C15.8098 11.9491 15.9993 11.315 16 10.6667V7.33333C16 7.15652 15.9298 6.98695 15.8047 6.86193C15.6797 6.7369 15.5101 6.66667 15.3333 6.66667ZM3.33333 12.6667C3.33353 12.4899 3.40383 12.3205 3.52881 12.1955C3.6538 12.0705 3.82325 12.0002 4 12H12C12.1768 12.0002 12.3462 12.0705 12.4712 12.1955C12.5962 12.3205 12.6665 12.4899 12.6667 12.6667H3.33333ZM14.6667 10.6667C14.6667 10.9601 14.6021 11.2499 14.4774 11.5154C14.3527 11.781 14.171 12.0159 13.9453 12.2032C13.8405 11.766 13.5917 11.3766 13.2389 11.0979C12.886 10.8192 12.4497 10.6673 12 10.6667H4C3.55035 10.6673 3.11399 10.8192 2.76114 11.0979C2.40829 11.3766 2.15948 11.766 2.05475 12.2032C1.82899 12.0159 1.6473 11.781 1.52261 11.5154C1.39792 11.2499 1.3333 10.9601 1.33333 10.6667V8H14.6667V10.6667Z\" fill=\"#B0BEC5\"\/>\n                                <\/g>\n                                <defs>\n                                <clippath id=\"clip0\">\n                                <rect width=\"16\" height=\"16\" fill=\"white\"\/>\n                                <\/clippath>\n                                <\/defs>\n                            <\/svg>\t\t\t\t\t\t\t\t\t\t\t\t\t<b>2<\/b> <span>baths<\/span>            <\/div>\n\t\t            <div class=\"es-listing__meta-area\">\n\t\t\t\t\t\t\t\t\t\t\t\t\t\t\t<svg width=\"16\" height=\"16\" viewbox=\"0 0 16 16\" fill=\"none\" xmlns=\"http:\/\/www.w3.org\/2000\/svg\">\n                            <path fill-rule=\"evenodd\" clip-rule=\"evenodd\" d=\"M15.3334 10.6667V5.33333C15.3334 4.59695 14.7364 4 14 4H2.00002C1.26364 4 0.666687 4.59695 0.666687 5.33333V10.6667C0.666687 11.403 1.26364 12 2.00002 12H14C14.7364 12 15.3334 11.403 15.3334 10.6667ZM2.00002 5.33333H3.33335V7.33333H4.66669V5.33333H6.00002V8.66667H7.33335V5.33333H8.66669V7.33333H10V5.33333H11.3334V8.66667H12.6667V5.33333H14V10.6667H2.00002V5.33333Z\" fill=\"#B0BEC5\"\/>\n                        <\/svg>\t\t\t\t\t\t\t\t\t\t\t\t\t<b>425<\/b> <span>m\u00b2<\/span>            <\/div>\n\t\t<\/div><div class=\"es-address es-listing--hide-on-list\">Centro, Fuenlabrada<\/div>                <\/div>\n                <div class=\"es-listing__content__right es-listing--hide-on-grid\">\n                    <div class=\"es-property__control es-listing--hide-on-grid\">\n                        \n<ul class=\"js-es-control es-control es-control--property-content\">\n            <li class=\"es-control__item es-control__item--wishlist\">\n                            <a href=\"#\" data-popup-id=\"#es-authentication-popup\" class=\"es-btn__wishlist es-btn es-btn--default es-btn--big es-btn--icon js-es-popup-link\">\n                            <span class=\"es-icon es-icon_heart\"><\/span>\n                <span class=\"es-btn__label\">Save<\/span>\n            <\/a>\n        <\/li>\n            <\/ul>\n                    <\/div>\n                    <span class=\"es-price\">\u20ac425<\/span>                                    <\/div>\n            <\/div>\n            <div class=\"es-listing__footer\">\n                    <ul class=\"es-listing__terms\">                    <li><a href=\"https:\/\/inmobiliariaenfuenlabrada.com\/en\/property-type\/local\/\">Local<\/a><\/li>\n                                <li><a href=\"https:\/\/inmobiliariaenfuenlabrada.com\/en\/property-category\/venta\/\">Sale<\/a><\/li>\n            <\/ul>\n\n            <\/div>\n\n        <\/div>\n    <\/div>\n    <\/div>\n                        <\/div>\n\t    <div class='es-powered content-font'>Powered by <a target='_blank' href='https:\/\/estatik.net'>Estatik<\/a><\/div><\/div>\n    <\/div>\n    <div class=\"js-es-properties__map es-properties__map\">\n\t        <div class=\"es-map-error content-font\">\n        Oops! This page didn't load Google Maps correctly. Please contact admin to fix this.    <\/div>\n    <\/div>\n<\/div>\n\n    <\/div>\n\t\t\t\t<\/div>\n\t\t\t\t<\/div>\n\t\t\t\t\t<\/div>\n\t\t\t\t<\/div>\n\t\t<div class=\"elementor-element elementor-element-c6f1e9b e-flex e-con-boxed e-con e-parent\" data-id=\"c6f1e9b\" data-element_type=\"container\" data-e-type=\"container\" data-settings=\"{&quot;background_background&quot;:&quot;classic&quot;}\">\n\t\t\t\t\t<div class=\"e-con-inner\">\n\t\t<div class=\"elementor-element elementor-element-db4de91 e-con-full e-flex e-con e-child\" data-id=\"db4de91\" data-element_type=\"container\" data-e-type=\"container\" data-settings=\"{&quot;background_background&quot;:&quot;classic&quot;}\">\n\t\t\t\t<div class=\"elementor-element elementor-element-3c138a4 elementor-widget elementor-widget-heading\" data-id=\"3c138a4\" data-element_type=\"widget\" data-e-type=\"widget\" data-widget_type=\"heading.default\">\n\t\t\t\t<div class=\"elementor-widget-container\">\n\t\t\t\t\t<h2 class=\"elementor-heading-title elementor-size-default\">Financiamos el 100% \n(m\u00e1s gastos) de la vivienda que quieras comprar<\/h2>\t\t\t\t<\/div>\n\t\t\t\t<\/div>\n\t\t\t\t<div class=\"elementor-element elementor-element-5b06817 elementor-widget elementor-widget-text-editor\" data-id=\"5b06817\" data-element_type=\"widget\" data-e-type=\"widget\" data-widget_type=\"text-editor.default\">\n\t\t\t\t<div class=\"elementor-widget-container\">\n\t\t\t\t\t\t\t\t\t<p>Nos encargamos de la valoraci\u00f3n de tu propiedad completamente gratis, y adem\u00e1s contamos con un plan de financiaci\u00f3n adaptado a tu bolsillo<\/p>\t\t\t\t\t\t\t\t<\/div>\n\t\t\t\t<\/div>\n\t\t\t\t<div class=\"elementor-element elementor-element-10f694e elementor-align-left elementor-widget elementor-widget-button\" data-id=\"10f694e\" data-element_type=\"widget\" data-e-type=\"widget\" data-widget_type=\"button.default\">\n\t\t\t\t<div class=\"elementor-widget-container\">\n\t\t\t\t\t\t\t\t\t<div class=\"elementor-button-wrapper\">\n\t\t\t\t\t<a class=\"elementor-button elementor-button-link elementor-size-sm\" href=\"https:\/\/inmobiliariaenfuenlabrada.com\/en\/valoramos-tu-propiedad\/\">\n\t\t\t\t\t\t<span class=\"elementor-button-content-wrapper\">\n\t\t\t\t\t\t\t\t\t<span class=\"elementor-button-text\">Contact us<\/span>\n\t\t\t\t\t<\/span>\n\t\t\t\t\t<\/a>\n\t\t\t\t<\/div>\n\t\t\t\t\t\t\t\t<\/div>\n\t\t\t\t<\/div>\n\t\t\t\t<\/div>\n\t\t\t\t\t<\/div>\n\t\t\t\t<\/div>\n\t\t\t\t<\/div>","protected":false},"excerpt":{"rendered":"Venta Inicio &gt; Venta Ordenar por El m\u00e1s nuevo El...","protected":false},"author":1,"featured_media":0,"parent":0,"menu_order":0,"comment_status":"closed","ping_status":"closed","template":"elementor_header_footer","meta":{"_acf_changed":false,"_joinchat":[],"footnotes":""},"class_list":["post-7130","page","type-page","status-publish","hentry"],"acf":[],"_links":{"self":[{"href":"https:\/\/inmobiliariaenfuenlabrada.com\/en\/wp-json\/wp\/v2\/pages\/7130","targetHints":{"allow":["GET"]}}],"collection":[{"href":"https:\/\/inmobiliariaenfuenlabrada.com\/en\/wp-json\/wp\/v2\/pages"}],"about":[{"href":"https:\/\/inmobiliariaenfuenlabrada.com\/en\/wp-json\/wp\/v2\/types\/page"}],"author":[{"embeddable":true,"href":"https:\/\/inmobiliariaenfuenlabrada.com\/en\/wp-json\/wp\/v2\/users\/1"}],"replies":[{"embeddable":true,"href":"https:\/\/inmobiliariaenfuenlabrada.com\/en\/wp-json\/wp\/v2\/comments?post=7130"}],"version-history":[{"count":43,"href":"https:\/\/inmobiliariaenfuenlabrada.com\/en\/wp-json\/wp\/v2\/pages\/7130\/revisions"}],"predecessor-version":[{"id":14460,"href":"https:\/\/inmobiliariaenfuenlabrada.com\/en\/wp-json\/wp\/v2\/pages\/7130\/revisions\/14460"}],"wp:attachment":[{"href":"https:\/\/inmobiliariaenfuenlabrada.com\/en\/wp-json\/wp\/v2\/media?parent=7130"}],"curies":[{"name":"wp","href":"https:\/\/api.w.org\/{rel}","templated":true}]}}