{"id":7140,"date":"2025-01-16T02:31:15","date_gmt":"2025-01-16T02:31:15","guid":{"rendered":"https:\/\/acacia.gsatek.tech\/?page_id=7140"},"modified":"2026-01-09T13:23:46","modified_gmt":"2026-01-09T13:23:46","slug":"alquier","status":"publish","type":"page","link":"https:\/\/inmobiliariaenfuenlabrada.com\/en\/alquier\/","title":{"rendered":"Rent"},"content":{"rendered":"<div data-elementor-type=\"wp-page\" data-elementor-id=\"7140\" class=\"elementor elementor-7140\" data-elementor-post-type=\"page\">\n\t\t\t\t<div class=\"elementor-element elementor-element-2baae42 e-con-full e-flex e-con e-parent\" data-id=\"2baae42\" data-element_type=\"container\" data-e-type=\"container\" data-settings=\"{&quot;background_background&quot;:&quot;classic&quot;}\">\n\t\t<div class=\"elementor-element elementor-element-7c9c397 e-flex e-con-boxed e-con e-child\" data-id=\"7c9c397\" data-element_type=\"container\" data-e-type=\"container\">\n\t\t\t\t\t<div class=\"e-con-inner\">\n\t\t\t\t<div class=\"elementor-element elementor-element-25aad8e elementor-widget elementor-widget-heading\" data-id=\"25aad8e\" data-element_type=\"widget\" data-e-type=\"widget\" data-widget_type=\"heading.default\">\n\t\t\t\t<div class=\"elementor-widget-container\">\n\t\t\t\t\t<h2 class=\"elementor-heading-title elementor-size-default\">Rent<\/h2>\t\t\t\t<\/div>\n\t\t\t\t<\/div>\n\t\t<div class=\"elementor-element elementor-element-e9f9916 e-con-full e-flex e-con e-child\" data-id=\"e9f9916\" data-element_type=\"container\" data-e-type=\"container\">\n\t\t\t\t<div class=\"elementor-element elementor-element-d1de8a3 elementor-widget elementor-widget-heading\" data-id=\"d1de8a3\" data-element_type=\"widget\" data-e-type=\"widget\" data-widget_type=\"heading.default\">\n\t\t\t\t<div class=\"elementor-widget-container\">\n\t\t\t\t\t<h2 class=\"elementor-heading-title elementor-size-default\"><a href=\"https:\/\/inmobiliariaenfuenlabrada.com\/en\/\">Home<\/a><\/h2>\t\t\t\t<\/div>\n\t\t\t\t<\/div>\n\t\t\t\t<div class=\"elementor-element elementor-element-686cf0a elementor-widget elementor-widget-heading\" data-id=\"686cf0a\" data-element_type=\"widget\" data-e-type=\"widget\" data-widget_type=\"heading.default\">\n\t\t\t\t<div class=\"elementor-widget-container\">\n\t\t\t\t\t<h2 class=\"elementor-heading-title elementor-size-default\">&gt;<\/h2>\t\t\t\t<\/div>\n\t\t\t\t<\/div>\n\t\t\t\t<div class=\"elementor-element elementor-element-b7b6bc1 elementor-widget elementor-widget-heading\" data-id=\"b7b6bc1\" data-element_type=\"widget\" data-e-type=\"widget\" data-widget_type=\"heading.default\">\n\t\t\t\t<div class=\"elementor-widget-container\">\n\t\t\t\t\t<h2 class=\"elementor-heading-title elementor-size-default\"><a href=\"https:\/\/inmobiliariaenfuenlabrada.com\/en\/alquier\/\">Rent<\/a><\/h2>\t\t\t\t<\/div>\n\t\t\t\t<\/div>\n\t\t\t\t<\/div>\n\t\t\t\t\t<\/div>\n\t\t\t\t<\/div>\n\t\t\t\t<\/div>\n\t\t<div class=\"elementor-element elementor-element-d76053b e-flex e-con-boxed e-con e-parent\" data-id=\"d76053b\" data-element_type=\"container\" data-e-type=\"container\">\n\t\t\t\t\t<div class=\"e-con-inner\">\n\t\t\t\t<div class=\"elementor-element elementor-element-b71f426 elementor-widget elementor-widget-heading\" data-id=\"b71f426\" data-element_type=\"widget\" data-e-type=\"widget\" data-widget_type=\"heading.default\">\n\t\t\t\t<div class=\"elementor-widget-container\">\n\t\t\t\t\t<h2 class=\"elementor-heading-title elementor-size-default\">There are no locations available<\/h2>\t\t\t\t<\/div>\n\t\t\t\t<\/div>\n\t\t\t\t\t<\/div>\n\t\t\t\t<\/div>\n\t\t<div class=\"elementor-element elementor-element-62d60fb e-flex e-con-boxed e-con e-parent\" data-id=\"62d60fb\" data-element_type=\"container\" data-e-type=\"container\" data-settings=\"{&quot;background_background&quot;:&quot;classic&quot;}\">\n\t\t\t\t\t<div class=\"e-con-inner\">\n\t\t<div class=\"elementor-element elementor-element-c6eec35 e-con-full e-flex e-con e-child\" data-id=\"c6eec35\" data-element_type=\"container\" data-e-type=\"container\" data-settings=\"{&quot;background_background&quot;:&quot;classic&quot;}\">\n\t\t\t\t<div class=\"elementor-element elementor-element-d7f79ee elementor-widget elementor-widget-heading\" data-id=\"d7f79ee\" data-element_type=\"widget\" data-e-type=\"widget\" data-widget_type=\"heading.default\">\n\t\t\t\t<div class=\"elementor-widget-container\">\n\t\t\t\t\t<h2 class=\"elementor-heading-title elementor-size-default\">Financiamos el 100% \n(m\u00e1s gastos) de la vivienda que quieras comprar<\/h2>\t\t\t\t<\/div>\n\t\t\t\t<\/div>\n\t\t\t\t<div class=\"elementor-element elementor-element-1fb0b41 elementor-widget elementor-widget-text-editor\" data-id=\"1fb0b41\" data-element_type=\"widget\" data-e-type=\"widget\" data-widget_type=\"text-editor.default\">\n\t\t\t\t<div class=\"elementor-widget-container\">\n\t\t\t\t\t\t\t\t\t<p>Nos encargamos de la valoraci\u00f3n de tu propiedad completamente gratis, y adem\u00e1s contamos con un plan de financiaci\u00f3n adaptado a tu bolsillo<\/p>\t\t\t\t\t\t\t\t<\/div>\n\t\t\t\t<\/div>\n\t\t\t\t<div class=\"elementor-element elementor-element-aa088ec elementor-align-left elementor-widget elementor-widget-button\" data-id=\"aa088ec\" data-element_type=\"widget\" data-e-type=\"widget\" data-widget_type=\"button.default\">\n\t\t\t\t<div class=\"elementor-widget-container\">\n\t\t\t\t\t\t\t\t\t<div class=\"elementor-button-wrapper\">\n\t\t\t\t\t<a class=\"elementor-button elementor-button-link elementor-size-sm\" href=\"https:\/\/inmobiliariaenfuenlabrada.com\/en\/valoramos-tu-propiedad\/\">\n\t\t\t\t\t\t<span class=\"elementor-button-content-wrapper\">\n\t\t\t\t\t\t\t\t\t<span class=\"elementor-button-text\">Contact us<\/span>\n\t\t\t\t\t<\/span>\n\t\t\t\t\t<\/a>\n\t\t\t\t<\/div>\n\t\t\t\t\t\t\t\t<\/div>\n\t\t\t\t<\/div>\n\t\t\t\t<\/div>\n\t\t\t\t\t<\/div>\n\t\t\t\t<\/div>\n\t\t\t\t<\/div>","protected":false},"excerpt":{"rendered":"<p>Alquiler Inicio &gt; Alquiler No hay locales disponibles Financiamos el 100% (m\u00e1s gastos) de la vivienda que quieras comprar Nos encargamos de la valoraci\u00f3n de tu propiedad completamente gratis, y adem\u00e1s contamos con un plan de financiaci\u00f3n adaptado a tu bolsillo Contactanos<\/p>","protected":false},"author":1,"featured_media":0,"parent":0,"menu_order":0,"comment_status":"closed","ping_status":"closed","template":"elementor_header_footer","meta":{"_acf_changed":false,"_joinchat":[],"footnotes":""},"class_list":["post-7140","page","type-page","status-publish","hentry"],"acf":[],"_links":{"self":[{"href":"https:\/\/inmobiliariaenfuenlabrada.com\/en\/wp-json\/wp\/v2\/pages\/7140","targetHints":{"allow":["GET"]}}],"collection":[{"href":"https:\/\/inmobiliariaenfuenlabrada.com\/en\/wp-json\/wp\/v2\/pages"}],"about":[{"href":"https:\/\/inmobiliariaenfuenlabrada.com\/en\/wp-json\/wp\/v2\/types\/page"}],"author":[{"embeddable":true,"href":"https:\/\/inmobiliariaenfuenlabrada.com\/en\/wp-json\/wp\/v2\/users\/1"}],"replies":[{"embeddable":true,"href":"https:\/\/inmobiliariaenfuenlabrada.com\/en\/wp-json\/wp\/v2\/comments?post=7140"}],"version-history":[{"count":23,"href":"https:\/\/inmobiliariaenfuenlabrada.com\/en\/wp-json\/wp\/v2\/pages\/7140\/revisions"}],"predecessor-version":[{"id":14457,"href":"https:\/\/inmobiliariaenfuenlabrada.com\/en\/wp-json\/wp\/v2\/pages\/7140\/revisions\/14457"}],"wp:attachment":[{"href":"https:\/\/inmobiliariaenfuenlabrada.com\/en\/wp-json\/wp\/v2\/media?parent=7140"}],"curies":[{"name":"wp","href":"https:\/\/api.w.org\/{rel}","templated":true}]}}